{"id":27,"date":"2013-06-11T20:12:29","date_gmt":"2013-06-11T20:12:29","guid":{"rendered":"http:\/\/balboaunionchurch.org\/wpaccess\/?page_id=27"},"modified":"2020-11-04T05:00:06","modified_gmt":"2020-11-04T05:00:06","slug":"contact","status":"publish","type":"page","link":"http:\/\/balboaunionchurch.org\/es\/contact\/","title":{"rendered":"Cont\u00e1ctenos"},"content":{"rendered":"<p><\/p>\n<p>Puedes Cont\u00e1ctarnos al correo <a href=\"mailto:info@balboaunionchurch.org\">info@balboaunionchurch.org<\/a> o env\u00edanos un WhatsApp al +507 6458-4909. S\u00edguenos en <strong><em><span style=\"color: #ff6600;\"><a style=\"color: #ff6600;\" href=\"https:\/\/www.facebook.com\/balboaunion\/\">Facebook<\/a><\/span><\/em> <\/strong>&amp; <em><strong><span style=\"color: #ff6600;\"><a style=\"color: #ff6600;\" href=\"https:\/\/twitter.com\/BalboaUnion\">Twitter<\/a><\/span><\/strong><\/em><\/p>\n<p><\/p>","protected":false},"excerpt":{"rendered":"<p>Puedes Cont\u00e1ctarnos al correo info@balboaunionchurch.org o env\u00edanos un WhatsApp al +507 6458-4909. S\u00edguenos en Facebook &amp; Twitter<\/p>\n","protected":false},"author":11,"featured_media":5710,"parent":0,"menu_order":0,"comment_status":"closed","ping_status":"closed","template":"page-templates\/contact.php","meta":{"footnotes":""},"class_list":["post-27","page","type-page","status-publish","has-post-thumbnail","hentry","ctfw-has-image"],"_links":{"self":[{"href":"http:\/\/balboaunionchurch.org\/es\/wp-json\/wp\/v2\/pages\/27","targetHints":{"allow":["GET"]}}],"collection":[{"href":"http:\/\/balboaunionchurch.org\/es\/wp-json\/wp\/v2\/pages"}],"about":[{"href":"http:\/\/balboaunionchurch.org\/es\/wp-json\/wp\/v2\/types\/page"}],"author":[{"embeddable":true,"href":"http:\/\/balboaunionchurch.org\/es\/wp-json\/wp\/v2\/users\/11"}],"replies":[{"embeddable":true,"href":"http:\/\/balboaunionchurch.org\/es\/wp-json\/wp\/v2\/comments?post=27"}],"version-history":[{"count":13,"href":"http:\/\/balboaunionchurch.org\/es\/wp-json\/wp\/v2\/pages\/27\/revisions"}],"predecessor-version":[{"id":5751,"href":"http:\/\/balboaunionchurch.org\/es\/wp-json\/wp\/v2\/pages\/27\/revisions\/5751"}],"wp:featuredmedia":[{"embeddable":true,"href":"http:\/\/balboaunionchurch.org\/es\/wp-json\/wp\/v2\/media\/5710"}],"wp:attachment":[{"href":"http:\/\/balboaunionchurch.org\/es\/wp-json\/wp\/v2\/media?parent=27"}],"curies":[{"name":"wp","href":"https:\/\/api.w.org\/{rel}","templated":true}]}}