{"id":1779,"date":"2015-02-11T22:41:48","date_gmt":"2015-02-11T22:41:48","guid":{"rendered":"http:\/\/balboaunionchurch.org\/wpaccess\/?page_id=1779"},"modified":"2018-02-20T22:18:49","modified_gmt":"2018-02-20T22:18:49","slug":"first-time-visiting-us","status":"publish","type":"page","link":"http:\/\/balboaunionchurch.org\/es\/first-time-visiting-us\/","title":{"rendered":"Primera vez que nos visita?"},"content":{"rendered":"<p><strong>Indicaciones para el taxi<\/strong><\/p>\n<p>Si esta es la primera vez que nos visita y vienes en taxi, basta con preguntar por la iglesia de color rosado que esta sobre sobre las faldas del Cerro Sosa antes de entrar al Causeway de Amador, frente a la Iglesia San Mary<\/p>\n<p><strong>Instrucciones de manejo<\/strong><\/p>\n<p>Por favor, ver la siguiente p\u00e1gina \u00ab<a href=\"http:\/\/balboaunionchurch.org\/wpaccess\/campus-locations\/\">Location<\/a>\u00bb<\/p>\n<p><strong>Conociendo la iglesia<\/strong><\/p>\n<p>Muchos de nuestros miembros utilizan la puerta trasera para entrar a la Iglesia, ya que les queda m\u00e1s conveniente cu\u00e1ndo estacionan el carro por la parte de atr\u00e1s de la iglesia.\u00a0 Si este es el caso, pasas por la oficina y directo a la sala de recepci\u00f3n. \u00a0Para subir al Santuario, debes caminar hasta las puertas principales y subir las escaleras que se encuentran a mano derecha o izquierda.<\/p>\n<p>Si estacionas el auto en parte baja de la Iglesia (en el estacionamiento p\u00fablico detr\u00e1s de Banistmo o Nikos) o vienes en taxi y te dejan justo en las escaleras para entrar, entrar\u00edas por las puertas principales de la iglesia. \u00a0\u00a0Cuando entres en nuestra Iglesia (desde la puerta principal) estar\u00e1s en el pasillo principal, con el santuario en la piso de arriba (hacia tu derecha o izquierda)<\/p>\n<p>Si continuas caminando sobre el pasillo principal, te encontraras en nuestra sala de recepci\u00f3n, con la habitaci\u00f3n para escuela Dominical a tu lado izquierdo y el cuarto de j\u00f3venes a tu derecha<\/p>\n<p><strong>Escuela Dominical<\/strong><\/p>\n<p>La Escuela Dominical empieza a las 10:15 a.m. pera el servicio inicia a las 10.00 a.m., Es un Servicio biling\u00fce, y contamos con voluntarios que hablan espa\u00f1ol e ingl\u00e9s para escuela dominical.<\/p>\n<p>A las 10.15, los ni\u00f1os son invitados al frente del Pulpito para poder participar en una sesi\u00f3n corta del culto y luego son enviados a la habitaci\u00f3n que se encuentra en el primero piso con su respectiva profesora.<\/p>\n<p>Te invitamos a que env\u00edes a todos los ni\u00f1os con edad entre los 4 y 18 a\u00f1os de edad con la profesora de la Escuela Dominical y sus colaboradores (los menores pueden ser enviados con enviados con los hermanos, y ambos estar\u00edan en la Escuela Domical de acuerdo a su edad). Los j\u00f3venes se pueden quedar durante el culto acompa\u00f1ando a sus padres. Por favor lea\u00a0<a href=\"http:\/\/balboaunionchurch.org\/wpaccess\/youth-and-children\/\">Youth &amp; Children<\/a>\u00a0para m\u00e1s informaci\u00f3n<\/p>","protected":false},"excerpt":{"rendered":"<p>Indicaciones para el taxi Si esta es la primera vez que nos visita y vienes en taxi, basta con preguntar por la iglesia de color rosado que esta sobre sobre las faldas del Cerro Sosa antes de entrar al Causeway de Amador, frente a la Iglesia San Mary Instrucciones de manejo Por favor, ver la&hellip;<\/p>\n","protected":false},"author":2,"featured_media":0,"parent":0,"menu_order":0,"comment_status":"closed","ping_status":"closed","template":"","meta":{"footnotes":""},"class_list":["post-1779","page","type-page","status-publish","hentry","ctfw-no-image"],"_links":{"self":[{"href":"http:\/\/balboaunionchurch.org\/es\/wp-json\/wp\/v2\/pages\/1779","targetHints":{"allow":["GET"]}}],"collection":[{"href":"http:\/\/balboaunionchurch.org\/es\/wp-json\/wp\/v2\/pages"}],"about":[{"href":"http:\/\/balboaunionchurch.org\/es\/wp-json\/wp\/v2\/types\/page"}],"author":[{"embeddable":true,"href":"http:\/\/balboaunionchurch.org\/es\/wp-json\/wp\/v2\/users\/2"}],"replies":[{"embeddable":true,"href":"http:\/\/balboaunionchurch.org\/es\/wp-json\/wp\/v2\/comments?post=1779"}],"version-history":[{"count":11,"href":"http:\/\/balboaunionchurch.org\/es\/wp-json\/wp\/v2\/pages\/1779\/revisions"}],"predecessor-version":[{"id":4965,"href":"http:\/\/balboaunionchurch.org\/es\/wp-json\/wp\/v2\/pages\/1779\/revisions\/4965"}],"wp:attachment":[{"href":"http:\/\/balboaunionchurch.org\/es\/wp-json\/wp\/v2\/media?parent=1779"}],"curies":[{"name":"wp","href":"https:\/\/api.w.org\/{rel}","templated":true}]}}