{"id":1473,"date":"2014-12-28T14:28:55","date_gmt":"2014-12-28T14:28:55","guid":{"rendered":"http:\/\/balboaunionchurch.org\/wpaccess\/?page_id=1473"},"modified":"2017-08-01T16:07:26","modified_gmt":"2017-08-01T16:07:26","slug":"youth-and-children","status":"publish","type":"page","link":"http:\/\/balboaunionchurch.org\/es\/youth-and-children\/","title":{"rendered":"J\u00f3venes y ni\u00f1os"},"content":{"rendered":"<p><strong>J\u00f3venes:<\/strong><\/p>\n<p><a href=\"http:\/\/balboaunionchurch.org\/wp-content\/uploads\/2014\/12\/teenager.jpg\"><img loading=\"lazy\" decoding=\"async\" class=\"alignleft wp-image-3203 size-medium\" src=\"http:\/\/balboaunionchurch.org\/wp-content\/uploads\/2014\/12\/teenager-300x225.jpg\" alt=\"\" width=\"300\" height=\"225\" srcset=\"http:\/\/balboaunionchurch.org\/wp-content\/uploads\/2014\/12\/teenager-300x225.jpg 300w, http:\/\/balboaunionchurch.org\/wp-content\/uploads\/2014\/12\/teenager-768x576.jpg 768w, http:\/\/balboaunionchurch.org\/wp-content\/uploads\/2014\/12\/teenager.jpg 958w\" sizes=\"auto, (max-width: 300px) 100vw, 300px\" \/><\/a><\/p>\n<p>Pedimos a los padres de los j\u00f3venes (13 a\u00f1os en adelante) que participen en el culto. \u00a0Nos encantan cuando participan activamente en el culto, ya sea en la m\u00fasica, lectura o en cualquiera de los siguientes roles:<\/p>\n<ul>\n<li>Bienvenidas &#8211; (deben llegar unos 5-10 minutes antes que inicia el culto, para que puedan estar listos para entregar a las personas que llegan un bolet\u00edn y saludar a cualquier visita o persona que viene por primera vez)<\/li>\n<li>L\u00edder Laico\u00a0(hay varias partes del culto cu\u00e1ndo pueden asistir con la oraci\u00f3n u otros roles)<\/li>\n<li>Lectura\u00a0(Nos encanta cu\u00e1ndo se adue\u00f1an de las lecturas b\u00edblicas antes del serm\u00f3n)<\/li>\n<li>M\u00fasicos\u00a0(cualquier m\u00fasico est\u00e1 bienvenido, y debe comunicarse con el encargado de Ministerio &#8211; actualmente Beth Gray &#8211; para participar en el culto de los domingos)<\/li>\n<li>Portero\u00a0(pueden asistir al se\u00f1or Alberto o Colombino\u00a0con recoger la ofrenda)<\/li>\n<li>Ac\u00f3lito\u00a0(pueden supervisar a los ni\u00f1os peque\u00f1os entrando con la luz de Cristo al inicio del culto, y luego encargarse de salir con la luz de Cristo al final del culto).<\/li>\n<\/ul>\n<p><strong>Ni\u00f1os:<\/strong><\/p>\n<p><a href=\"http:\/\/balboaunionchurch.org\/wp-content\/uploads\/2014\/12\/children-sundayschool.jpg\" rel=\"attachment wp-att-3204\"><img loading=\"lazy\" decoding=\"async\" class=\"alignleft size-medium wp-image-3204\" src=\"http:\/\/balboaunionchurch.org\/wp-content\/uploads\/2014\/12\/children-sundayschool-300x200.jpg\" alt=\"children-sundayschool\" width=\"300\" height=\"200\" srcset=\"http:\/\/balboaunionchurch.org\/wp-content\/uploads\/2014\/12\/children-sundayschool-300x200.jpg 300w, http:\/\/balboaunionchurch.org\/wp-content\/uploads\/2014\/12\/children-sundayschool-768x512.jpg 768w, http:\/\/balboaunionchurch.org\/wp-content\/uploads\/2014\/12\/children-sundayschool.jpg 960w\" sizes=\"auto, (max-width: 300px) 100vw, 300px\" \/><\/a><\/p>\n<p>Animamos a todos los ni\u00f1os a participar en nuestro servicio dominical como Ac\u00f3litos (Acompa\u00f1antes), ayudando a encender las velas al inicio del servicio.<\/p>\n<p>Balboa Union Church tiene un programa activo de escuela dominical para nuestros ni\u00f1os entre las edades de 4 a 12 a\u00f1os. Este programa es realizado cada semana por dos voluntarios. Los ni\u00f1os son invitados a subir al p\u00falpito durante el \u00abEl tiempo de los ni\u00f1os\u00bb en cada servicio, para luego ser llevados al cuarto de la escuela dominical con los maestros voluntarios, mientras se realiza el serm\u00f3n. El tiempo de los ni\u00f1os es encantador y los ni\u00f1os participan con mucha alegr\u00eda. Por general est\u00e1n en la escuela Dominical por un lapso de tiempo de 20-30 minutos para sus lecciones y actividades relacionadas a la escuela dominical, y ser\u00e1n llevados nuevamente al p\u00falpito para realizar la iluminaci\u00f3n de velas y oraciones para nuestros hermanos y hermanas. Animamos a todos los ni\u00f1os a participar en la Comuni\u00f3n bajo la supervisi\u00f3n de sus padres.<\/p>\n<p>En este momento no tenemos un servicio de guarder\u00eda, pero estamos considerando la necesidad de tenerla, ya que nuestra congregaci\u00f3n crece con familias j\u00f3venes.<\/p>","protected":false},"excerpt":{"rendered":"<p>J\u00f3venes: Pedimos a los padres de los j\u00f3venes (13 a\u00f1os en adelante) que participen en el culto. \u00a0Nos encantan cuando participan activamente en el culto, ya sea en la m\u00fasica, lectura o en cualquiera de los siguientes roles: Bienvenidas &#8211; (deben llegar unos 5-10 minutes antes que inicia el culto, para que puedan estar listos&hellip;<\/p>\n","protected":false},"author":2,"featured_media":0,"parent":0,"menu_order":0,"comment_status":"closed","ping_status":"closed","template":"","meta":{"footnotes":""},"class_list":["post-1473","page","type-page","status-publish","hentry","ctfw-no-image"],"_links":{"self":[{"href":"http:\/\/balboaunionchurch.org\/es\/wp-json\/wp\/v2\/pages\/1473","targetHints":{"allow":["GET"]}}],"collection":[{"href":"http:\/\/balboaunionchurch.org\/es\/wp-json\/wp\/v2\/pages"}],"about":[{"href":"http:\/\/balboaunionchurch.org\/es\/wp-json\/wp\/v2\/types\/page"}],"author":[{"embeddable":true,"href":"http:\/\/balboaunionchurch.org\/es\/wp-json\/wp\/v2\/users\/2"}],"replies":[{"embeddable":true,"href":"http:\/\/balboaunionchurch.org\/es\/wp-json\/wp\/v2\/comments?post=1473"}],"version-history":[{"count":13,"href":"http:\/\/balboaunionchurch.org\/es\/wp-json\/wp\/v2\/pages\/1473\/revisions"}],"predecessor-version":[{"id":4500,"href":"http:\/\/balboaunionchurch.org\/es\/wp-json\/wp\/v2\/pages\/1473\/revisions\/4500"}],"wp:attachment":[{"href":"http:\/\/balboaunionchurch.org\/es\/wp-json\/wp\/v2\/media?parent=1473"}],"curies":[{"name":"wp","href":"https:\/\/api.w.org\/{rel}","templated":true}]}}