{"id":1469,"date":"2014-12-28T14:26:32","date_gmt":"2014-12-28T14:26:32","guid":{"rendered":"http:\/\/balboaunionchurch.org\/wpaccess\/?page_id=1469"},"modified":"2017-08-26T16:46:22","modified_gmt":"2017-08-26T16:46:22","slug":"fellowship-2","status":"publish","type":"page","link":"http:\/\/balboaunionchurch.org\/es\/fellowship-2\/","title":{"rendered":"Compa\u00f1erismo"},"content":{"rendered":"<p><a href=\"http:\/\/balboaunionchurch.org\/wp-content\/uploads\/2015\/10\/20151025_112826.jpg\"><img loading=\"lazy\" decoding=\"async\" class=\"alignleft wp-image-2594 size-medium\" src=\"http:\/\/balboaunionchurch.org\/wp-content\/uploads\/2015\/10\/20151025_112826-180x300.jpg\" alt=\"\" width=\"180\" height=\"300\" srcset=\"http:\/\/balboaunionchurch.org\/wp-content\/uploads\/2015\/10\/20151025_112826-180x300.jpg 180w, http:\/\/balboaunionchurch.org\/wp-content\/uploads\/2015\/10\/20151025_112826-614x1024.jpg 614w, http:\/\/balboaunionchurch.org\/wp-content\/uploads\/2015\/10\/20151025_112826.jpg 1536w\" sizes=\"auto, (max-width: 180px) 100vw, 180px\" \/><\/a><\/p>\n<p>En la Iglesia Balboa Union creemos en el compa\u00f1erismo y la koinonia, por lo que encontrar\u00e1s no s\u00f3lo una comunidad de f\u00e9, sino tambi\u00e9n que nos encant\u00e1 conocernos mejor, sentarnos a disfrutar un cafecito juntos, o la comida casera, como tambi\u00e9n el lugar d\u00f3nde podemos orar juntos, los unos para los otros, para nuestra comunidad y para los que necesitan ayuda.<\/p>\n<p>Tenemos dos cultos cada domingo:<\/p>\n<p>10.00 a.m. &#8211; principalmente en Ingl\u00e9s, pero lo invitamos a llegar temprano para disfrutar de un cafecito y jugos, como tambi\u00e9n galletitas, antes del culto.<\/p>\n<p>11.30 a.m. &#8211; en espa\u00f1ol, m\u00e1s contemporanea, que indaga sobre la relevancia de la iglesia en la comunidad hoy en d\u00eda.<\/p>\n<p>Disfrutamos todos los domingos de un cafecito juntos desde las 11.10 a.m. hasta las 11.30 a.m., cuando inicia el segundo culto, y le invitamos a que venga a compartir con nosotros durante estos momentos. \u00a0\u00a0Celebramos, siempre, en este momento los cumplea\u00f1os, los bautizos y otros eventos especiales.<\/p>\n<p>Si es su primera visita a nuestra iglesia, aqu\u00ed hay m\u00e1s informaci\u00f3n que le puede ser \u00fatil: \u00a0<a href=\"http:\/\/balboaunionchurch.org\/first-time-visiting-us\/\">Su primera visita<\/a>.<\/p>\n<p>&nbsp;<\/p>","protected":false},"excerpt":{"rendered":"<p>En la Iglesia Balboa Union creemos en el compa\u00f1erismo y la koinonia, por lo que encontrar\u00e1s no s\u00f3lo una comunidad de f\u00e9, sino tambi\u00e9n que nos encant\u00e1 conocernos mejor, sentarnos a disfrutar un cafecito juntos, o la comida casera, como tambi\u00e9n el lugar d\u00f3nde podemos orar juntos, los unos para los otros, para nuestra comunidad&hellip;<\/p>\n","protected":false},"author":2,"featured_media":4516,"parent":0,"menu_order":0,"comment_status":"closed","ping_status":"closed","template":"","meta":{"footnotes":""},"class_list":["post-1469","page","type-page","status-publish","has-post-thumbnail","hentry","ctfw-has-image"],"_links":{"self":[{"href":"http:\/\/balboaunionchurch.org\/es\/wp-json\/wp\/v2\/pages\/1469","targetHints":{"allow":["GET"]}}],"collection":[{"href":"http:\/\/balboaunionchurch.org\/es\/wp-json\/wp\/v2\/pages"}],"about":[{"href":"http:\/\/balboaunionchurch.org\/es\/wp-json\/wp\/v2\/types\/page"}],"author":[{"embeddable":true,"href":"http:\/\/balboaunionchurch.org\/es\/wp-json\/wp\/v2\/users\/2"}],"replies":[{"embeddable":true,"href":"http:\/\/balboaunionchurch.org\/es\/wp-json\/wp\/v2\/comments?post=1469"}],"version-history":[{"count":13,"href":"http:\/\/balboaunionchurch.org\/es\/wp-json\/wp\/v2\/pages\/1469\/revisions"}],"predecessor-version":[{"id":4496,"href":"http:\/\/balboaunionchurch.org\/es\/wp-json\/wp\/v2\/pages\/1469\/revisions\/4496"}],"wp:featuredmedia":[{"embeddable":true,"href":"http:\/\/balboaunionchurch.org\/es\/wp-json\/wp\/v2\/media\/4516"}],"wp:attachment":[{"href":"http:\/\/balboaunionchurch.org\/es\/wp-json\/wp\/v2\/media?parent=1469"}],"curies":[{"name":"wp","href":"https:\/\/api.w.org\/{rel}","templated":true}]}}