{"id":1368,"date":"2014-10-18T18:40:35","date_gmt":"2014-10-18T18:40:35","guid":{"rendered":"http:\/\/balboaunionchurch.org\/wpaccess\/?page_id=1368"},"modified":"2017-08-01T16:05:24","modified_gmt":"2017-08-01T16:05:24","slug":"who-we-are","status":"publish","type":"page","link":"http:\/\/balboaunionchurch.org\/es\/who-we-are\/","title":{"rendered":"Who We Are"},"content":{"rendered":"<p><b>Everyone is welcome at the Balboa Union Church<\/b>.<\/p>\n<p>We are a Christian community comprised of members from different faiths &amp; denominations: these are principally based on the Reformed tradition (such as Methodists, Catholics, Presbyterians and Evangelicals) and also from other religions. What unites us is our desire to grow in the Christian example of Love and Justice and to apply this message by serving our community, encouraging diversity and practicing compassion for those in need.<\/p>\n<p>Our storied past is tied to the construction of the Panama Canal as the US government authorities in those times intended for a Union church to be build for all Christian families to worship together. When the Canal transitioned to Panama in the late 1900&#8217;s, the church became a smaller, more international group &#8211; but it has kept its focus on Community outreach.<\/p>\n<p>It is the <em><strong>mission<\/strong> <\/em>of this Church to draw together followers of Jesus Christ<\/p>\n<ul>\n<li><strong>TO BE A BRIDGE<\/strong>:\u00a0\u00a0 of cooperation and understanding among religious groups of all faiths.<\/li>\n<li><strong>TO BE A BRIDGE<\/strong>:\u00a0\u00a0 of acceptance of others, regardless of social class, race, gender or sexual orientation.<\/li>\n<li><strong>TO BE A BRIDGE<\/strong>:\u00a0\u00a0 of freedom in the study of religion, interpretation of scripture, and the practice of faith.<\/li>\n<li><strong>TO BE A BRIDGE<\/strong>:\u00a0\u00a0 of God\u2019s love to a troubled world, exercising a generosity of spirit to all those in need.<\/li>\n<li><strong>TO BE A BRIDGE<\/strong>:\u00a0\u00a0 between all of God\u2019s children; mirroring and practicing the love that God has for us.<\/li>\n<\/ul>\n<p>We are now a mixed church (expats, Panamanians, and permanent residents), offering a traditional service at 10.00 a.m. in mostly English.<\/p>\n<p>At the moment we are looking at options for various short-term Family Sunday School programs (running 8-12 weeks) for the first semester and second semester, in which we offer breakfast, a fun inter-generational fellowship time and then separate adult and children&#8217;s classes where we explore our faith in age-appropriate settings.<\/p>\n<p>We are also a community passionately involved in<b> <\/b>outreach programs that address the needs of the elderly, and others in need.<\/p>\n<p>Our membership welcomes people from all over the world who seek to serve God with a loving heart!<\/p>\n<p><b>You are welcome in this place regardless of socio-economic status, race or ethnic origin.\u00a0 You will enjoy the warm and friendly people in our Balboa Union Church.<\/b><\/p>\n<p><b>All are welcome. All are loved.<\/b><\/p>\n<p><div id='gallery-2' class='gallery galleryid-1368 gallery-columns-3 gallery-size-resurrect-rect-large'><figure class='gallery-item'>\n\t\t\t<div class='gallery-icon landscape'>\n\t\t\t\t<a href='http:\/\/balboaunionchurch.org\/es\/first-building\/'><img loading=\"lazy\" decoding=\"async\" width=\"600\" height=\"410\" src=\"http:\/\/balboaunionchurch.org\/wp-content\/uploads\/2015\/02\/First-building-600x410.jpg\" class=\"attachment-resurrect-rect-large size-resurrect-rect-large\" alt=\"\" aria-describedby=\"gallery-2-1639\" srcset=\"http:\/\/balboaunionchurch.org\/wp-content\/uploads\/2015\/02\/First-building-600x410.jpg 600w, http:\/\/balboaunionchurch.org\/wp-content\/uploads\/2015\/02\/First-building-320x218.jpg 320w, http:\/\/balboaunionchurch.org\/wp-content\/uploads\/2015\/02\/First-building-220x150.jpg 220w\" sizes=\"auto, (max-width: 600px) 100vw, 600px\" \/><\/a>\n\t\t\t<\/div>\n\t\t\t\t<figcaption class='wp-caption-text gallery-caption' id='gallery-2-1639'>\n\t\t\t\tPrimer edificio de la Iglesia Uni\u00f3n de Balboa\n\t\t\t\t<\/figcaption><\/figure><figure class='gallery-item'>\n\t\t\t<div class='gallery-icon landscape'>\n\t\t\t\t<a href='http:\/\/balboaunionchurch.org\/es\/first-story-of-present-building\/'><img loading=\"lazy\" decoding=\"async\" width=\"600\" height=\"410\" src=\"http:\/\/balboaunionchurch.org\/wp-content\/uploads\/2015\/02\/First-story-of-present-building-600x410.jpg\" class=\"attachment-resurrect-rect-large size-resurrect-rect-large\" alt=\"\" aria-describedby=\"gallery-2-1633\" srcset=\"http:\/\/balboaunionchurch.org\/wp-content\/uploads\/2015\/02\/First-story-of-present-building-600x410.jpg 600w, http:\/\/balboaunionchurch.org\/wp-content\/uploads\/2015\/02\/First-story-of-present-building-320x218.jpg 320w, http:\/\/balboaunionchurch.org\/wp-content\/uploads\/2015\/02\/First-story-of-present-building-220x150.jpg 220w\" sizes=\"auto, (max-width: 600px) 100vw, 600px\" \/><\/a>\n\t\t\t<\/div>\n\t\t\t\t<figcaption class='wp-caption-text gallery-caption' id='gallery-2-1633'>\n\t\t\t\tPrimer nivel del edificio actual\n\t\t\t\t<\/figcaption><\/figure><figure class='gallery-item'>\n\t\t\t<div class='gallery-icon landscape'>\n\t\t\t\t<a href='http:\/\/balboaunionchurch.org\/es\/drawing-of-buc-001\/'><img loading=\"lazy\" decoding=\"async\" width=\"400\" height=\"1\" src=\"http:\/\/balboaunionchurch.org\/wp-content\/uploads\/2015\/02\/Drawing-of-BUC-001.bmp\" class=\"attachment-resurrect-rect-large size-resurrect-rect-large\" alt=\"\" aria-describedby=\"gallery-2-1648\" \/><\/a>\n\t\t\t<\/div>\n\t\t\t\t<figcaption class='wp-caption-text gallery-caption' id='gallery-2-1648'>\n\t\t\t\tBosquejo utilizado para el dise\u00f1o del edificio actual\n\t\t\t\t<\/figcaption><\/figure><figure class='gallery-item'>\n\t\t\t<div class='gallery-icon landscape'>\n\t\t\t\t<a href='http:\/\/balboaunionchurch.org\/es\/building-1991-sepia\/'><img loading=\"lazy\" decoding=\"async\" width=\"600\" height=\"410\" src=\"http:\/\/balboaunionchurch.org\/wp-content\/uploads\/2015\/02\/Building-1991-sepia-600x410.png\" class=\"attachment-resurrect-rect-large size-resurrect-rect-large\" alt=\"\" aria-describedby=\"gallery-2-1625\" srcset=\"http:\/\/balboaunionchurch.org\/wp-content\/uploads\/2015\/02\/Building-1991-sepia-600x410.png 600w, http:\/\/balboaunionchurch.org\/wp-content\/uploads\/2015\/02\/Building-1991-sepia-320x218.png 320w, http:\/\/balboaunionchurch.org\/wp-content\/uploads\/2015\/02\/Building-1991-sepia-220x150.png 220w\" sizes=\"auto, (max-width: 600px) 100vw, 600px\" \/><\/a>\n\t\t\t<\/div>\n\t\t\t\t<figcaption class='wp-caption-text gallery-caption' id='gallery-2-1625'>\n\t\t\t\tEdificio actual en 1970\n\t\t\t\t<\/figcaption><\/figure><figure class='gallery-item'>\n\t\t\t<div class='gallery-icon landscape'>\n\t\t\t\t<a href='http:\/\/balboaunionchurch.org\/es\/untitled-attachment-01960\/'><img loading=\"lazy\" decoding=\"async\" width=\"600\" height=\"410\" src=\"http:\/\/balboaunionchurch.org\/wp-content\/uploads\/2015\/02\/Untitled-attachment-01960-600x410.jpg\" class=\"attachment-resurrect-rect-large size-resurrect-rect-large\" alt=\"\" aria-describedby=\"gallery-2-1620\" srcset=\"http:\/\/balboaunionchurch.org\/wp-content\/uploads\/2015\/02\/Untitled-attachment-01960-600x410.jpg 600w, http:\/\/balboaunionchurch.org\/wp-content\/uploads\/2015\/02\/Untitled-attachment-01960-320x218.jpg 320w, http:\/\/balboaunionchurch.org\/wp-content\/uploads\/2015\/02\/Untitled-attachment-01960-220x150.jpg 220w\" sizes=\"auto, (max-width: 600px) 100vw, 600px\" \/><\/a>\n\t\t\t<\/div>\n\t\t\t\t<figcaption class='wp-caption-text gallery-caption' id='gallery-2-1620'>\n\t\t\t\t\u00c1reas aleda\u00f1as de Panam\u00e1 y Anc\u00f3n en 1960\n\t\t\t\t<\/figcaption><\/figure><figure class='gallery-item'>\n\t\t\t<div class='gallery-icon landscape'>\n\t\t\t\t<a href='http:\/\/balboaunionchurch.org\/es\/untitled-attachment-01957\/'><img loading=\"lazy\" decoding=\"async\" width=\"600\" height=\"410\" src=\"http:\/\/balboaunionchurch.org\/wp-content\/uploads\/2015\/02\/Untitled-attachment-01957-600x410.jpg\" class=\"attachment-resurrect-rect-large size-resurrect-rect-large\" alt=\"\" aria-describedby=\"gallery-2-1619\" srcset=\"http:\/\/balboaunionchurch.org\/wp-content\/uploads\/2015\/02\/Untitled-attachment-01957-600x410.jpg 600w, http:\/\/balboaunionchurch.org\/wp-content\/uploads\/2015\/02\/Untitled-attachment-01957-320x218.jpg 320w, http:\/\/balboaunionchurch.org\/wp-content\/uploads\/2015\/02\/Untitled-attachment-01957-220x150.jpg 220w\" sizes=\"auto, (max-width: 600px) 100vw, 600px\" \/><\/a>\n\t\t\t<\/div>\n\t\t\t\t<figcaption class='wp-caption-text gallery-caption' id='gallery-2-1619'>\n\t\t\t\t\u00c1reas aleda\u00f1as de Panam\u00e1 y Anc\u00f3n en 1957\n\t\t\t\t<\/figcaption><\/figure><figure class='gallery-item'>\n\t\t\t<div class='gallery-icon landscape'>\n\t\t\t\t<a href='http:\/\/balboaunionchurch.org\/es\/untitled-attachment-01954\/'><img loading=\"lazy\" decoding=\"async\" width=\"600\" height=\"410\" src=\"http:\/\/balboaunionchurch.org\/wp-content\/uploads\/2015\/02\/Untitled-attachment-01954-600x410.jpg\" class=\"attachment-resurrect-rect-large size-resurrect-rect-large\" alt=\"\" aria-describedby=\"gallery-2-1618\" srcset=\"http:\/\/balboaunionchurch.org\/wp-content\/uploads\/2015\/02\/Untitled-attachment-01954-600x410.jpg 600w, http:\/\/balboaunionchurch.org\/wp-content\/uploads\/2015\/02\/Untitled-attachment-01954-320x218.jpg 320w, http:\/\/balboaunionchurch.org\/wp-content\/uploads\/2015\/02\/Untitled-attachment-01954-220x150.jpg 220w\" sizes=\"auto, (max-width: 600px) 100vw, 600px\" \/><\/a>\n\t\t\t<\/div>\n\t\t\t\t<figcaption class='wp-caption-text gallery-caption' id='gallery-2-1618'>\n\t\t\t\t\u00c1reas aleda\u00f1as de Panam\u00e1 y Anc\u00f3n en 1954\n\t\t\t\t<\/figcaption><\/figure><figure class='gallery-item'>\n\t\t\t<div class='gallery-icon landscape'>\n\t\t\t\t<a href='http:\/\/balboaunionchurch.org\/es\/untitled-attachment-01951\/'><img loading=\"lazy\" decoding=\"async\" width=\"600\" height=\"410\" src=\"http:\/\/balboaunionchurch.org\/wp-content\/uploads\/2015\/02\/Untitled-attachment-01951-600x410.jpg\" class=\"attachment-resurrect-rect-large size-resurrect-rect-large\" alt=\"\" aria-describedby=\"gallery-2-1617\" srcset=\"http:\/\/balboaunionchurch.org\/wp-content\/uploads\/2015\/02\/Untitled-attachment-01951-600x410.jpg 600w, http:\/\/balboaunionchurch.org\/wp-content\/uploads\/2015\/02\/Untitled-attachment-01951-320x218.jpg 320w, http:\/\/balboaunionchurch.org\/wp-content\/uploads\/2015\/02\/Untitled-attachment-01951-220x150.jpg 220w\" sizes=\"auto, (max-width: 600px) 100vw, 600px\" \/><\/a>\n\t\t\t<\/div>\n\t\t\t\t<figcaption class='wp-caption-text gallery-caption' id='gallery-2-1617'>\n\t\t\t\t\u00c1reas aleda\u00f1as de Panam\u00e1 y Anc\u00f3n en 1951\n\t\t\t\t<\/figcaption><\/figure><figure class='gallery-item'>\n\t\t\t<div class='gallery-icon landscape'>\n\t\t\t\t<a href='http:\/\/balboaunionchurch.org\/es\/building-1991\/'><img loading=\"lazy\" decoding=\"async\" width=\"600\" height=\"410\" src=\"http:\/\/balboaunionchurch.org\/wp-content\/uploads\/2015\/02\/Building-1991-600x410.jpg\" class=\"attachment-resurrect-rect-large size-resurrect-rect-large\" alt=\"\" aria-describedby=\"gallery-2-1612\" srcset=\"http:\/\/balboaunionchurch.org\/wp-content\/uploads\/2015\/02\/Building-1991-600x410.jpg 600w, http:\/\/balboaunionchurch.org\/wp-content\/uploads\/2015\/02\/Building-1991-320x218.jpg 320w, http:\/\/balboaunionchurch.org\/wp-content\/uploads\/2015\/02\/Building-1991-220x150.jpg 220w\" sizes=\"auto, (max-width: 600px) 100vw, 600px\" \/><\/a>\n\t\t\t<\/div>\n\t\t\t\t<figcaption class='wp-caption-text gallery-caption' id='gallery-2-1612'>\n\t\t\t\tBalboa Union Church en 1991\n\t\t\t\t<\/figcaption><\/figure><figure class='gallery-item'>\n\t\t\t<div class='gallery-icon landscape'>\n\t\t\t\t<a href='http:\/\/balboaunionchurch.org\/es\/9\/'><img loading=\"lazy\" decoding=\"async\" width=\"600\" height=\"410\" src=\"http:\/\/balboaunionchurch.org\/wp-content\/uploads\/2015\/02\/9-600x410.jpg\" class=\"attachment-resurrect-rect-large size-resurrect-rect-large\" alt=\"\" aria-describedby=\"gallery-2-1609\" srcset=\"http:\/\/balboaunionchurch.org\/wp-content\/uploads\/2015\/02\/9-600x410.jpg 600w, http:\/\/balboaunionchurch.org\/wp-content\/uploads\/2015\/02\/9-320x218.jpg 320w, http:\/\/balboaunionchurch.org\/wp-content\/uploads\/2015\/02\/9-220x150.jpg 220w\" sizes=\"auto, (max-width: 600px) 100vw, 600px\" \/><\/a>\n\t\t\t<\/div>\n\t\t\t\t<figcaption class='wp-caption-text gallery-caption' id='gallery-2-1609'>\n\t\t\t\tDetalles de los vitrales de la Iglesia\n\t\t\t\t<\/figcaption><\/figure><figure class='gallery-item'>\n\t\t\t<div class='gallery-icon landscape'>\n\t\t\t\t<a href='http:\/\/balboaunionchurch.org\/es\/11\/'><img loading=\"lazy\" decoding=\"async\" width=\"600\" height=\"410\" src=\"http:\/\/balboaunionchurch.org\/wp-content\/uploads\/2015\/02\/11-600x410.jpg\" class=\"attachment-resurrect-rect-large size-resurrect-rect-large\" alt=\"\" aria-describedby=\"gallery-2-1611\" srcset=\"http:\/\/balboaunionchurch.org\/wp-content\/uploads\/2015\/02\/11-600x410.jpg 600w, http:\/\/balboaunionchurch.org\/wp-content\/uploads\/2015\/02\/11-320x218.jpg 320w, http:\/\/balboaunionchurch.org\/wp-content\/uploads\/2015\/02\/11-220x150.jpg 220w\" sizes=\"auto, (max-width: 600px) 100vw, 600px\" \/><\/a>\n\t\t\t<\/div>\n\t\t\t\t<figcaption class='wp-caption-text gallery-caption' id='gallery-2-1611'>\n\t\t\t\tDetalles de los vitrales de la Iglesia\n\t\t\t\t<\/figcaption><\/figure><figure class='gallery-item'>\n\t\t\t<div class='gallery-icon landscape'>\n\t\t\t\t<a href='http:\/\/balboaunionchurch.org\/es\/10\/'><img loading=\"lazy\" decoding=\"async\" width=\"600\" height=\"410\" src=\"http:\/\/balboaunionchurch.org\/wp-content\/uploads\/2015\/02\/10-600x410.jpg\" class=\"attachment-resurrect-rect-large size-resurrect-rect-large\" alt=\"\" aria-describedby=\"gallery-2-1610\" srcset=\"http:\/\/balboaunionchurch.org\/wp-content\/uploads\/2015\/02\/10-600x410.jpg 600w, http:\/\/balboaunionchurch.org\/wp-content\/uploads\/2015\/02\/10-320x218.jpg 320w, http:\/\/balboaunionchurch.org\/wp-content\/uploads\/2015\/02\/10-220x150.jpg 220w\" sizes=\"auto, (max-width: 600px) 100vw, 600px\" \/><\/a>\n\t\t\t<\/div>\n\t\t\t\t<figcaption class='wp-caption-text gallery-caption' id='gallery-2-1610'>\n\t\t\t\tDetalles de los vitrales de la Iglesia\n\t\t\t\t<\/figcaption><\/figure><figure class='gallery-item'>\n\t\t\t<div class='gallery-icon landscape'>\n\t\t\t\t<a href='http:\/\/balboaunionchurch.org\/es\/6\/'><img loading=\"lazy\" decoding=\"async\" width=\"600\" height=\"410\" src=\"http:\/\/balboaunionchurch.org\/wp-content\/uploads\/2015\/02\/6-600x410.jpg\" class=\"attachment-resurrect-rect-large size-resurrect-rect-large\" alt=\"\" aria-describedby=\"gallery-2-1607\" srcset=\"http:\/\/balboaunionchurch.org\/wp-content\/uploads\/2015\/02\/6-600x410.jpg 600w, http:\/\/balboaunionchurch.org\/wp-content\/uploads\/2015\/02\/6-320x218.jpg 320w, http:\/\/balboaunionchurch.org\/wp-content\/uploads\/2015\/02\/6-220x150.jpg 220w\" sizes=\"auto, (max-width: 600px) 100vw, 600px\" \/><\/a>\n\t\t\t<\/div>\n\t\t\t\t<figcaption class='wp-caption-text gallery-caption' id='gallery-2-1607'>\n\t\t\t\tDetalles de los vitrales de la Iglesia\n\t\t\t\t<\/figcaption><\/figure><figure class='gallery-item'>\n\t\t\t<div class='gallery-icon landscape'>\n\t\t\t\t<a href='http:\/\/balboaunionchurch.org\/es\/5\/'><img loading=\"lazy\" decoding=\"async\" width=\"600\" height=\"410\" src=\"http:\/\/balboaunionchurch.org\/wp-content\/uploads\/2015\/02\/5-600x410.jpg\" class=\"attachment-resurrect-rect-large size-resurrect-rect-large\" alt=\"\" aria-describedby=\"gallery-2-1606\" srcset=\"http:\/\/balboaunionchurch.org\/wp-content\/uploads\/2015\/02\/5-600x410.jpg 600w, http:\/\/balboaunionchurch.org\/wp-content\/uploads\/2015\/02\/5-320x218.jpg 320w, http:\/\/balboaunionchurch.org\/wp-content\/uploads\/2015\/02\/5-220x150.jpg 220w\" sizes=\"auto, (max-width: 600px) 100vw, 600px\" \/><\/a>\n\t\t\t<\/div>\n\t\t\t\t<figcaption class='wp-caption-text gallery-caption' id='gallery-2-1606'>\n\t\t\t\tDetalles de los vitrales de la Iglesia\n\t\t\t\t<\/figcaption><\/figure><figure class='gallery-item'>\n\t\t\t<div class='gallery-icon landscape'>\n\t\t\t\t<a href='http:\/\/balboaunionchurch.org\/es\/_7\/'><img loading=\"lazy\" decoding=\"async\" width=\"600\" height=\"410\" src=\"http:\/\/balboaunionchurch.org\/wp-content\/uploads\/2015\/02\/7-600x410.jpg\" class=\"attachment-resurrect-rect-large size-resurrect-rect-large\" alt=\"\" aria-describedby=\"gallery-2-1601\" srcset=\"http:\/\/balboaunionchurch.org\/wp-content\/uploads\/2015\/02\/7-600x410.jpg 600w, http:\/\/balboaunionchurch.org\/wp-content\/uploads\/2015\/02\/7-320x218.jpg 320w, http:\/\/balboaunionchurch.org\/wp-content\/uploads\/2015\/02\/7-220x150.jpg 220w\" sizes=\"auto, (max-width: 600px) 100vw, 600px\" \/><\/a>\n\t\t\t<\/div>\n\t\t\t\t<figcaption class='wp-caption-text gallery-caption' id='gallery-2-1601'>\n\t\t\t\tDetalles de los vitrales de la Iglesia\n\t\t\t\t<\/figcaption><\/figure>\n\t\t<\/div>\n<\/p>","protected":false},"excerpt":{"rendered":"<p>Everyone is welcome at the Balboa Union Church. We are a Christian community comprised of members from different faiths &amp; denominations: these are principally based on the Reformed tradition (such as Methodists, Catholics, Presbyterians and Evangelicals) and also from other religions. What unites us is our desire to grow in the Christian example of Love&hellip;<\/p>\n","protected":false},"author":2,"featured_media":1108,"parent":0,"menu_order":0,"comment_status":"closed","ping_status":"closed","template":"","meta":{"footnotes":""},"class_list":["post-1368","page","type-page","status-publish","has-post-thumbnail","hentry","ctfw-has-image"],"_links":{"self":[{"href":"http:\/\/balboaunionchurch.org\/es\/wp-json\/wp\/v2\/pages\/1368","targetHints":{"allow":["GET"]}}],"collection":[{"href":"http:\/\/balboaunionchurch.org\/es\/wp-json\/wp\/v2\/pages"}],"about":[{"href":"http:\/\/balboaunionchurch.org\/es\/wp-json\/wp\/v2\/types\/page"}],"author":[{"embeddable":true,"href":"http:\/\/balboaunionchurch.org\/es\/wp-json\/wp\/v2\/users\/2"}],"replies":[{"embeddable":true,"href":"http:\/\/balboaunionchurch.org\/es\/wp-json\/wp\/v2\/comments?post=1368"}],"version-history":[{"count":15,"href":"http:\/\/balboaunionchurch.org\/es\/wp-json\/wp\/v2\/pages\/1368\/revisions"}],"predecessor-version":[{"id":4498,"href":"http:\/\/balboaunionchurch.org\/es\/wp-json\/wp\/v2\/pages\/1368\/revisions\/4498"}],"wp:featuredmedia":[{"embeddable":true,"href":"http:\/\/balboaunionchurch.org\/es\/wp-json\/wp\/v2\/media\/1108"}],"wp:attachment":[{"href":"http:\/\/balboaunionchurch.org\/es\/wp-json\/wp\/v2\/media?parent=1368"}],"curies":[{"name":"wp","href":"https:\/\/api.w.org\/{rel}","templated":true}]}}